{"id":1494,"date":"2024-11-19T09:25:00","date_gmt":"2024-11-19T09:25:00","guid":{"rendered":"https:\/\/scoring.pt\/magazine\/?page_id=1494"},"modified":"2024-11-19T09:25:00","modified_gmt":"2024-11-19T09:25:00","slug":"revista-scoring-no-6","status":"publish","type":"page","link":"https:\/\/scoring.pt\/magazine\/revista-scoring-no-6\/","title":{"rendered":"Revista Scoring n\u00ba 6"},"content":{"rendered":" \t\t<div class=\"woocommerce\">\n\t\t\t<div class=\"woocommerce-info wc-memberships-restriction-message wc-memberships-message wc-memberships-content-restricted-message\">\n\t\t\t\t[vc_row][vc_column][vc_column_text]\r\n<h3>Ainda n\u00e3o adquiriu esta edi\u00e7\u00e3o.<\/h3>\r\n&nbsp;\r\n<h3>Pode adquirir <a style=\"font-family: inherit\" href=\"https:\/\/scoring.pt\/magazine\/categoria-produto\/revista-2\/\">aqui<\/a><span style=\"color: inherit;font-family: inherit\">.<\/span><\/h3>\r\n[\/vc_column_text][\/vc_column][\/vc_row]\t\t    <\/div>\n\t\t<\/div>\n\t\t","protected":false},"excerpt":{"rendered":"\n<div class=\"woocommerce\">\n<div class=\"woocommerce-info wc-memberships-restriction-message wc-memberships-message wc-memberships-content-restricted-message\">\n\t\t\t\t[vc_row][vc_column][vc_column_text]<\/p>\n<h3>Ainda n\u00e3o adquiriu esta edi\u00e7\u00e3o.<\/h3>\n<p>&nbsp;<\/p>\n<h3>Pode adquirir <a style=\"font-family: inherit\" href=\"https:\/\/scoring.pt\/magazine\/categoria-produto\/revista-2\/\">aqui<\/a><span style=\"color: inherit;font-family: inherit\">.<\/span><\/h3>\n<p>[\/vc_column_text][\/vc_column][\/vc_row]\t\t    <\/p><\/div>\n<\/p><\/div>\n","protected":false},"author":1,"featured_media":0,"parent":0,"menu_order":0,"comment_status":"closed","ping_status":"closed","template":"","meta":{"_bbp_topic_count":0,"_bbp_reply_count":0,"_bbp_total_topic_count":0,"_bbp_total_reply_count":0,"_bbp_voice_count":0,"_bbp_anonymous_reply_count":0,"_bbp_topic_count_hidden":0,"_bbp_reply_count_hidden":0,"_bbp_forum_subforum_count":0,"footnotes":""},"class_list":["post-1494","page","type-page","status-publish","hentry","membership-content","access-restricted"],"yoast_head":"<!-- This site is optimized with the Yoast SEO plugin v20.13 - https:\/\/yoast.com\/wordpress\/plugins\/seo\/ -->\n<title>Revista Scoring n\u00ba 6 - SCORING Magazine<\/title>\n<meta name=\"robots\" content=\"index, follow, max-snippet:-1, max-image-preview:large, max-video-preview:-1\" \/>\n<link rel=\"canonical\" href=\"https:\/\/scoring.pt\/magazine\/revista-scoring-no-6\/\" \/>\n<meta property=\"og:locale\" content=\"pt_PT\" \/>\n<meta property=\"og:type\" content=\"article\" \/>\n<meta property=\"og:title\" content=\"Revista Scoring n\u00ba 6 - SCORING Magazine\" \/>\n<meta property=\"og:description\" content=\"[vc_row][vc_column][vc_column_text] Ainda n\u00e3o adquiriu esta edi\u00e7\u00e3o. &nbsp; Pode adquirir aqui. [\/vc_column_text][\/vc_column][\/vc_row]\" \/>\n<meta property=\"og:url\" content=\"https:\/\/scoring.pt\/magazine\/revista-scoring-no-6\/\" \/>\n<meta property=\"og:site_name\" content=\"SCORING Magazine\" \/>\n<meta name=\"twitter:card\" content=\"summary_large_image\" \/>\n<script type=\"application\/ld+json\" class=\"yoast-schema-graph\">{\"@context\":\"https:\/\/schema.org\",\"@graph\":[{\"@type\":\"WebPage\",\"@id\":\"https:\/\/scoring.pt\/magazine\/revista-scoring-no-6\/\",\"url\":\"https:\/\/scoring.pt\/magazine\/revista-scoring-no-6\/\",\"name\":\"Revista Scoring n\u00ba 6 - SCORING Magazine\",\"isPartOf\":{\"@id\":\"https:\/\/scoring.pt\/magazine\/#website\"},\"datePublished\":\"2024-11-19T09:25:00+00:00\",\"dateModified\":\"2024-11-19T09:25:00+00:00\",\"breadcrumb\":{\"@id\":\"https:\/\/scoring.pt\/magazine\/revista-scoring-no-6\/#breadcrumb\"},\"inLanguage\":\"pt-PT\",\"potentialAction\":[{\"@type\":\"ReadAction\",\"target\":[\"https:\/\/scoring.pt\/magazine\/revista-scoring-no-6\/\"]}]},{\"@type\":\"BreadcrumbList\",\"@id\":\"https:\/\/scoring.pt\/magazine\/revista-scoring-no-6\/#breadcrumb\",\"itemListElement\":[{\"@type\":\"ListItem\",\"position\":1,\"name\":\"In\u00edcio\",\"item\":\"https:\/\/scoring.pt\/magazine\/\"},{\"@type\":\"ListItem\",\"position\":2,\"name\":\"Revista Scoring n\u00ba 6\"}]},{\"@type\":\"WebSite\",\"@id\":\"https:\/\/scoring.pt\/magazine\/#website\",\"url\":\"https:\/\/scoring.pt\/magazine\/\",\"name\":\"Scoring Magazine\",\"description\":\"A revista efetivamente sobre gest\u00e3o\",\"publisher\":{\"@id\":\"https:\/\/scoring.pt\/magazine\/#organization\"},\"potentialAction\":[{\"@type\":\"SearchAction\",\"target\":{\"@type\":\"EntryPoint\",\"urlTemplate\":\"https:\/\/scoring.pt\/magazine\/?s={search_term_string}\"},\"query-input\":\"required name=search_term_string\"}],\"inLanguage\":\"pt-PT\"},{\"@type\":\"Organization\",\"@id\":\"https:\/\/scoring.pt\/magazine\/#organization\",\"name\":\"Scoring Magazine\",\"url\":\"https:\/\/scoring.pt\/magazine\/\",\"logo\":{\"@type\":\"ImageObject\",\"inLanguage\":\"pt-PT\",\"@id\":\"https:\/\/scoring.pt\/magazine\/#\/schema\/logo\/image\/\",\"url\":\"http:\/\/scoring.pt\/magazine\/wp-content\/uploads\/2022\/11\/logo-site-heacer-RETINA.png\",\"contentUrl\":\"http:\/\/scoring.pt\/magazine\/wp-content\/uploads\/2022\/11\/logo-site-heacer-RETINA.png\",\"width\":361,\"height\":93,\"caption\":\"Scoring Magazine\"},\"image\":{\"@id\":\"https:\/\/scoring.pt\/magazine\/#\/schema\/logo\/image\/\"}}]}<\/script>\n<!-- \/ Yoast SEO plugin. -->","yoast_head_json":{"title":"Revista Scoring n\u00ba 6 - SCORING Magazine","robots":{"index":"index","follow":"follow","max-snippet":"max-snippet:-1","max-image-preview":"max-image-preview:large","max-video-preview":"max-video-preview:-1"},"canonical":"https:\/\/scoring.pt\/magazine\/revista-scoring-no-6\/","og_locale":"pt_PT","og_type":"article","og_title":"Revista Scoring n\u00ba 6 - SCORING Magazine","og_description":"[vc_row][vc_column][vc_column_text] Ainda n\u00e3o adquiriu esta edi\u00e7\u00e3o. &nbsp; Pode adquirir aqui. [\/vc_column_text][\/vc_column][\/vc_row]","og_url":"https:\/\/scoring.pt\/magazine\/revista-scoring-no-6\/","og_site_name":"SCORING Magazine","twitter_card":"summary_large_image","schema":{"@context":"https:\/\/schema.org","@graph":[{"@type":"WebPage","@id":"https:\/\/scoring.pt\/magazine\/revista-scoring-no-6\/","url":"https:\/\/scoring.pt\/magazine\/revista-scoring-no-6\/","name":"Revista Scoring n\u00ba 6 - SCORING Magazine","isPartOf":{"@id":"https:\/\/scoring.pt\/magazine\/#website"},"datePublished":"2024-11-19T09:25:00+00:00","dateModified":"2024-11-19T09:25:00+00:00","breadcrumb":{"@id":"https:\/\/scoring.pt\/magazine\/revista-scoring-no-6\/#breadcrumb"},"inLanguage":"pt-PT","potentialAction":[{"@type":"ReadAction","target":["https:\/\/scoring.pt\/magazine\/revista-scoring-no-6\/"]}]},{"@type":"BreadcrumbList","@id":"https:\/\/scoring.pt\/magazine\/revista-scoring-no-6\/#breadcrumb","itemListElement":[{"@type":"ListItem","position":1,"name":"In\u00edcio","item":"https:\/\/scoring.pt\/magazine\/"},{"@type":"ListItem","position":2,"name":"Revista Scoring n\u00ba 6"}]},{"@type":"WebSite","@id":"https:\/\/scoring.pt\/magazine\/#website","url":"https:\/\/scoring.pt\/magazine\/","name":"Scoring Magazine","description":"A revista efetivamente sobre gest\u00e3o","publisher":{"@id":"https:\/\/scoring.pt\/magazine\/#organization"},"potentialAction":[{"@type":"SearchAction","target":{"@type":"EntryPoint","urlTemplate":"https:\/\/scoring.pt\/magazine\/?s={search_term_string}"},"query-input":"required name=search_term_string"}],"inLanguage":"pt-PT"},{"@type":"Organization","@id":"https:\/\/scoring.pt\/magazine\/#organization","name":"Scoring Magazine","url":"https:\/\/scoring.pt\/magazine\/","logo":{"@type":"ImageObject","inLanguage":"pt-PT","@id":"https:\/\/scoring.pt\/magazine\/#\/schema\/logo\/image\/","url":"http:\/\/scoring.pt\/magazine\/wp-content\/uploads\/2022\/11\/logo-site-heacer-RETINA.png","contentUrl":"http:\/\/scoring.pt\/magazine\/wp-content\/uploads\/2022\/11\/logo-site-heacer-RETINA.png","width":361,"height":93,"caption":"Scoring Magazine"},"image":{"@id":"https:\/\/scoring.pt\/magazine\/#\/schema\/logo\/image\/"}}]}},"_links":{"self":[{"href":"https:\/\/scoring.pt\/magazine\/wp-json\/wp\/v2\/pages\/1494","targetHints":{"allow":["GET"]}}],"collection":[{"href":"https:\/\/scoring.pt\/magazine\/wp-json\/wp\/v2\/pages"}],"about":[{"href":"https:\/\/scoring.pt\/magazine\/wp-json\/wp\/v2\/types\/page"}],"author":[{"embeddable":true,"href":"https:\/\/scoring.pt\/magazine\/wp-json\/wp\/v2\/users\/1"}],"replies":[{"embeddable":true,"href":"https:\/\/scoring.pt\/magazine\/wp-json\/wp\/v2\/comments?post=1494"}],"version-history":[{"count":1,"href":"https:\/\/scoring.pt\/magazine\/wp-json\/wp\/v2\/pages\/1494\/revisions"}],"predecessor-version":[{"id":1496,"href":"https:\/\/scoring.pt\/magazine\/wp-json\/wp\/v2\/pages\/1494\/revisions\/1496"}],"wp:attachment":[{"href":"https:\/\/scoring.pt\/magazine\/wp-json\/wp\/v2\/media?parent=1494"}],"curies":[{"name":"wp","href":"https:\/\/api.w.org\/{rel}","templated":true}]}}