{"id":290,"date":"2023-04-28T19:05:41","date_gmt":"2023-04-28T19:05:41","guid":{"rendered":"http:\/\/scoring.neuroniocriativo.pt\/?page_id=290"},"modified":"2024-05-09T08:47:55","modified_gmt":"2024-05-09T08:47:55","slug":"assinar-scoring-magazine","status":"publish","type":"page","link":"https:\/\/scoring.pt\/magazine\/assinar-scoring-magazine\/","title":{"rendered":"Comprar SCORING Magazine"},"content":{"rendered":"<p>[vc_row][vc_column]\t<div\r\n\t\t\t\t\tclass=\"bs-shortcode bs-text \">\r\n\t\t\t\t<h3 class=\"section-heading sh-t6 sh-s1\">\r\n\t\t\t\t<span class=\"h-text\">Comprar a SCORING Magazine<\/span>\r\n\t\t\t\t<\/h3>\r\n\t\t\t\t<div class=\"bs-text-content\">\r\n\t\t\t<p>Uma revista efetivamente sobre gest\u00e3o e para PME, feita por uma equipa de especialistas, consultores e formadores, das mais diversas \u00e1reas da gest\u00e3o, capazes de aliar o conhecimento t\u00e9cnico \u00e0 comunica\u00e7\u00e3o pedag\u00f3gica para diferentes p\u00fablicos, com um conjunto de artigos que certamente ajudar\u00e3o a aumentar e a nivelar os conhecimentos de gest\u00e3o geral nas empresas.<\/p>\n<p>Inclui tamb\u00e9m, a lista das empresas certificadas pela SCORING no \u00faltimo quadrimestre respetivo.<\/p>\n<p><b> Escolha uma das seguintes op\u00e7\u00f5es: <\/b><\/p>\n\t\t<\/div>\r\n\t<\/div><!-- .bs-text -->\r\n[\/vc_column][\/vc_row][vc_row][vc_column width=&#8221;1\/2&#8243;][vc_single_image image=&#8221;921&#8243; img_size=&#8221;400&#215;309&#8243; alignment=&#8221;center&#8221;][vc_btn title=&#8221;Comprar Edi\u00e7\u00e3o Digital&#8221; color=&#8221;warning&#8221; size=&#8221;lg&#8221; align=&#8221;center&#8221; link=&#8221;url:https%3A%2F%2Fscoring.pt%2Fmagazine%2Fcategoria-produto%2Fdigital%2F%3Forderby%3Dprice-desc&#8221;][\/vc_column][vc_column width=&#8221;1\/2&#8243;][vc_single_image image=&#8221;923&#8243; img_size=&#8221;400&#215;309&#8243; alignment=&#8221;center&#8221;][vc_btn title=&#8221;Comprar Edi\u00e7\u00e3o Papel&#8221; color=&#8221;warning&#8221; size=&#8221;lg&#8221; align=&#8221;center&#8221; link=&#8221;url:https%3A%2F%2Fscoring.pt%2Fmagazine%2Fcategoria-produto%2Frevista%2F%3Forderby%3Dprice&#8221;][\/vc_column][\/vc_row]<\/p>\n","protected":false},"excerpt":{"rendered":"<p>[vc_row][vc_column][\/vc_column][\/vc_row][vc_row][vc_column width=&#8221;1\/2&#8243;][vc_single_image image=&#8221;921&#8243; img_size=&#8221;400&#215;309&#8243; alignment=&#8221;center&#8221;][vc_btn title=&#8221;Comprar Edi\u00e7\u00e3o Digital&#8221; color=&#8221;warning&#8221; size=&#8221;lg&#8221; align=&#8221;center&#8221; link=&#8221;url:https%3A%2F%2Fscoring.pt%2Fmagazine%2Fcategoria-produto%2Fdigital%2F%3Forderby%3Dprice-desc&#8221;][\/vc_column][vc_column width=&#8221;1\/2&#8243;][vc_single_image image=&#8221;923&#8243; img_size=&#8221;400&#215;309&#8243; alignment=&#8221;center&#8221;][vc_btn title=&#8221;Comprar Edi\u00e7\u00e3o Papel&#8221; color=&#8221;warning&#8221; size=&#8221;lg&#8221; align=&#8221;center&#8221; link=&#8221;url:https%3A%2F%2Fscoring.pt%2Fmagazine%2Fcategoria-produto%2Frevista%2F%3Forderby%3Dprice&#8221;][\/vc_column][\/vc_row]<\/p>\n","protected":false},"author":1,"featured_media":0,"parent":0,"menu_order":0,"comment_status":"closed","ping_status":"closed","template":"","meta":{"_bbp_topic_count":0,"_bbp_reply_count":0,"_bbp_total_topic_count":0,"_bbp_total_reply_count":0,"_bbp_voice_count":0,"_bbp_anonymous_reply_count":0,"_bbp_topic_count_hidden":0,"_bbp_reply_count_hidden":0,"_bbp_forum_subforum_count":0,"footnotes":""},"class_list":["post-290","page","type-page","status-publish","hentry"],"yoast_head":"<!-- This site is optimized with the Yoast SEO plugin v20.13 - https:\/\/yoast.com\/wordpress\/plugins\/seo\/ -->\n<title>Comprar SCORING Magazine - SCORING Magazine<\/title>\n<meta name=\"robots\" content=\"index, follow, max-snippet:-1, max-image-preview:large, max-video-preview:-1\" \/>\n<link rel=\"canonical\" href=\"https:\/\/scoring.pt\/magazine\/assinar-scoring-magazine\/\" \/>\n<meta property=\"og:locale\" content=\"pt_PT\" \/>\n<meta property=\"og:type\" content=\"article\" \/>\n<meta property=\"og:title\" content=\"Comprar SCORING Magazine - SCORING Magazine\" \/>\n<meta property=\"og:description\" content=\"[vc_row][vc_column][\/vc_column][\/vc_row][vc_row][vc_column width=&#8221;1\/2&#8243;][vc_single_image image=&#8221;921&#8243; img_size=&#8221;400&#215;309&#8243; alignment=&#8221;center&#8221;][vc_btn title=&#8221;Comprar Edi\u00e7\u00e3o Digital&#8221; color=&#8221;warning&#8221; size=&#8221;lg&#8221; align=&#8221;center&#8221; link=&#8221;url:https%3A%2F%2Fscoring.pt%2Fmagazine%2Fcategoria-produto%2Fdigital%2F%3Forderby%3Dprice-desc&#8221;][\/vc_column][vc_column width=&#8221;1\/2&#8243;][vc_single_image image=&#8221;923&#8243; img_size=&#8221;400&#215;309&#8243; alignment=&#8221;center&#8221;][vc_btn title=&#8221;Comprar Edi\u00e7\u00e3o Papel&#8221; color=&#8221;warning&#8221; size=&#8221;lg&#8221; align=&#8221;center&#8221; link=&#8221;url:https%3A%2F%2Fscoring.pt%2Fmagazine%2Fcategoria-produto%2Frevista%2F%3Forderby%3Dprice&#8221;][\/vc_column][\/vc_row]\" \/>\n<meta property=\"og:url\" content=\"https:\/\/scoring.pt\/magazine\/assinar-scoring-magazine\/\" \/>\n<meta property=\"og:site_name\" content=\"SCORING Magazine\" \/>\n<meta property=\"article:modified_time\" content=\"2024-05-09T08:47:55+00:00\" \/>\n<meta name=\"twitter:card\" content=\"summary_large_image\" \/>\n<meta name=\"twitter:label1\" content=\"Tempo estimado de leitura\" \/>\n\t<meta name=\"twitter:data1\" content=\"1 minuto\" \/>\n<script type=\"application\/ld+json\" class=\"yoast-schema-graph\">{\"@context\":\"https:\/\/schema.org\",\"@graph\":[{\"@type\":\"WebPage\",\"@id\":\"https:\/\/scoring.pt\/magazine\/assinar-scoring-magazine\/\",\"url\":\"https:\/\/scoring.pt\/magazine\/assinar-scoring-magazine\/\",\"name\":\"Comprar SCORING Magazine - SCORING Magazine\",\"isPartOf\":{\"@id\":\"https:\/\/scoring.pt\/magazine\/#website\"},\"datePublished\":\"2023-04-28T19:05:41+00:00\",\"dateModified\":\"2024-05-09T08:47:55+00:00\",\"breadcrumb\":{\"@id\":\"https:\/\/scoring.pt\/magazine\/assinar-scoring-magazine\/#breadcrumb\"},\"inLanguage\":\"pt-PT\",\"potentialAction\":[{\"@type\":\"ReadAction\",\"target\":[\"https:\/\/scoring.pt\/magazine\/assinar-scoring-magazine\/\"]}]},{\"@type\":\"BreadcrumbList\",\"@id\":\"https:\/\/scoring.pt\/magazine\/assinar-scoring-magazine\/#breadcrumb\",\"itemListElement\":[{\"@type\":\"ListItem\",\"position\":1,\"name\":\"In\u00edcio\",\"item\":\"https:\/\/scoring.pt\/magazine\/\"},{\"@type\":\"ListItem\",\"position\":2,\"name\":\"Comprar SCORING Magazine\"}]},{\"@type\":\"WebSite\",\"@id\":\"https:\/\/scoring.pt\/magazine\/#website\",\"url\":\"https:\/\/scoring.pt\/magazine\/\",\"name\":\"Scoring Magazine\",\"description\":\"A revista efetivamente sobre gest\u00e3o\",\"publisher\":{\"@id\":\"https:\/\/scoring.pt\/magazine\/#organization\"},\"potentialAction\":[{\"@type\":\"SearchAction\",\"target\":{\"@type\":\"EntryPoint\",\"urlTemplate\":\"https:\/\/scoring.pt\/magazine\/?s={search_term_string}\"},\"query-input\":\"required name=search_term_string\"}],\"inLanguage\":\"pt-PT\"},{\"@type\":\"Organization\",\"@id\":\"https:\/\/scoring.pt\/magazine\/#organization\",\"name\":\"Scoring Magazine\",\"url\":\"https:\/\/scoring.pt\/magazine\/\",\"logo\":{\"@type\":\"ImageObject\",\"inLanguage\":\"pt-PT\",\"@id\":\"https:\/\/scoring.pt\/magazine\/#\/schema\/logo\/image\/\",\"url\":\"http:\/\/scoring.pt\/magazine\/wp-content\/uploads\/2022\/11\/logo-site-heacer-RETINA.png\",\"contentUrl\":\"http:\/\/scoring.pt\/magazine\/wp-content\/uploads\/2022\/11\/logo-site-heacer-RETINA.png\",\"width\":361,\"height\":93,\"caption\":\"Scoring Magazine\"},\"image\":{\"@id\":\"https:\/\/scoring.pt\/magazine\/#\/schema\/logo\/image\/\"}}]}<\/script>\n<!-- \/ Yoast SEO plugin. -->","yoast_head_json":{"title":"Comprar SCORING Magazine - SCORING Magazine","robots":{"index":"index","follow":"follow","max-snippet":"max-snippet:-1","max-image-preview":"max-image-preview:large","max-video-preview":"max-video-preview:-1"},"canonical":"https:\/\/scoring.pt\/magazine\/assinar-scoring-magazine\/","og_locale":"pt_PT","og_type":"article","og_title":"Comprar SCORING Magazine - SCORING Magazine","og_description":"[vc_row][vc_column][\/vc_column][\/vc_row][vc_row][vc_column width=&#8221;1\/2&#8243;][vc_single_image image=&#8221;921&#8243; img_size=&#8221;400&#215;309&#8243; alignment=&#8221;center&#8221;][vc_btn title=&#8221;Comprar Edi\u00e7\u00e3o Digital&#8221; color=&#8221;warning&#8221; size=&#8221;lg&#8221; align=&#8221;center&#8221; link=&#8221;url:https%3A%2F%2Fscoring.pt%2Fmagazine%2Fcategoria-produto%2Fdigital%2F%3Forderby%3Dprice-desc&#8221;][\/vc_column][vc_column width=&#8221;1\/2&#8243;][vc_single_image image=&#8221;923&#8243; img_size=&#8221;400&#215;309&#8243; alignment=&#8221;center&#8221;][vc_btn title=&#8221;Comprar Edi\u00e7\u00e3o Papel&#8221; color=&#8221;warning&#8221; size=&#8221;lg&#8221; align=&#8221;center&#8221; link=&#8221;url:https%3A%2F%2Fscoring.pt%2Fmagazine%2Fcategoria-produto%2Frevista%2F%3Forderby%3Dprice&#8221;][\/vc_column][\/vc_row]","og_url":"https:\/\/scoring.pt\/magazine\/assinar-scoring-magazine\/","og_site_name":"SCORING Magazine","article_modified_time":"2024-05-09T08:47:55+00:00","twitter_card":"summary_large_image","twitter_misc":{"Tempo estimado de leitura":"1 minuto"},"schema":{"@context":"https:\/\/schema.org","@graph":[{"@type":"WebPage","@id":"https:\/\/scoring.pt\/magazine\/assinar-scoring-magazine\/","url":"https:\/\/scoring.pt\/magazine\/assinar-scoring-magazine\/","name":"Comprar SCORING Magazine - SCORING Magazine","isPartOf":{"@id":"https:\/\/scoring.pt\/magazine\/#website"},"datePublished":"2023-04-28T19:05:41+00:00","dateModified":"2024-05-09T08:47:55+00:00","breadcrumb":{"@id":"https:\/\/scoring.pt\/magazine\/assinar-scoring-magazine\/#breadcrumb"},"inLanguage":"pt-PT","potentialAction":[{"@type":"ReadAction","target":["https:\/\/scoring.pt\/magazine\/assinar-scoring-magazine\/"]}]},{"@type":"BreadcrumbList","@id":"https:\/\/scoring.pt\/magazine\/assinar-scoring-magazine\/#breadcrumb","itemListElement":[{"@type":"ListItem","position":1,"name":"In\u00edcio","item":"https:\/\/scoring.pt\/magazine\/"},{"@type":"ListItem","position":2,"name":"Comprar SCORING Magazine"}]},{"@type":"WebSite","@id":"https:\/\/scoring.pt\/magazine\/#website","url":"https:\/\/scoring.pt\/magazine\/","name":"Scoring Magazine","description":"A revista efetivamente sobre gest\u00e3o","publisher":{"@id":"https:\/\/scoring.pt\/magazine\/#organization"},"potentialAction":[{"@type":"SearchAction","target":{"@type":"EntryPoint","urlTemplate":"https:\/\/scoring.pt\/magazine\/?s={search_term_string}"},"query-input":"required name=search_term_string"}],"inLanguage":"pt-PT"},{"@type":"Organization","@id":"https:\/\/scoring.pt\/magazine\/#organization","name":"Scoring Magazine","url":"https:\/\/scoring.pt\/magazine\/","logo":{"@type":"ImageObject","inLanguage":"pt-PT","@id":"https:\/\/scoring.pt\/magazine\/#\/schema\/logo\/image\/","url":"http:\/\/scoring.pt\/magazine\/wp-content\/uploads\/2022\/11\/logo-site-heacer-RETINA.png","contentUrl":"http:\/\/scoring.pt\/magazine\/wp-content\/uploads\/2022\/11\/logo-site-heacer-RETINA.png","width":361,"height":93,"caption":"Scoring Magazine"},"image":{"@id":"https:\/\/scoring.pt\/magazine\/#\/schema\/logo\/image\/"}}]}},"_links":{"self":[{"href":"https:\/\/scoring.pt\/magazine\/wp-json\/wp\/v2\/pages\/290","targetHints":{"allow":["GET"]}}],"collection":[{"href":"https:\/\/scoring.pt\/magazine\/wp-json\/wp\/v2\/pages"}],"about":[{"href":"https:\/\/scoring.pt\/magazine\/wp-json\/wp\/v2\/types\/page"}],"author":[{"embeddable":true,"href":"https:\/\/scoring.pt\/magazine\/wp-json\/wp\/v2\/users\/1"}],"replies":[{"embeddable":true,"href":"https:\/\/scoring.pt\/magazine\/wp-json\/wp\/v2\/comments?post=290"}],"version-history":[{"count":21,"href":"https:\/\/scoring.pt\/magazine\/wp-json\/wp\/v2\/pages\/290\/revisions"}],"predecessor-version":[{"id":961,"href":"https:\/\/scoring.pt\/magazine\/wp-json\/wp\/v2\/pages\/290\/revisions\/961"}],"wp:attachment":[{"href":"https:\/\/scoring.pt\/magazine\/wp-json\/wp\/v2\/media?parent=290"}],"curies":[{"name":"wp","href":"https:\/\/api.w.org\/{rel}","templated":true}]}}