{"id":3,"date":"2022-11-15T09:47:30","date_gmt":"2022-11-15T09:47:30","guid":{"rendered":"http:\/\/scoring.neuroniocriativo.pt\/?page_id=3"},"modified":"2024-05-09T09:47:00","modified_gmt":"2024-05-09T09:47:00","slug":"ficha-tecnica","status":"publish","type":"page","link":"https:\/\/scoring.pt\/magazine\/ficha-tecnica\/","title":{"rendered":"Ficha t\u00e9cnica"},"content":{"rendered":"<p><strong>DIRETOR<\/strong><\/p>\n<p>Carlos Gouveia<\/p>\n<p><strong>DIRETORAS ADJUNTAS<\/strong><\/p>\n<p>Joana Faria (Coordena\u00e7\u00e3o de reda\u00e7\u00e3o)<\/p>\n<p>Joana Carvalho (Coordena\u00e7\u00e3o de design)<\/p>\n<p><strong>COORDENA\u00c7\u00c3O DE EDI\u00c7\u00c3O<\/strong><\/p>\n<p>Joana Nunes<\/p>\n<p><strong>REDA\u00c7\u00c3O E PARTICIPANTES CONVIDADOS\u00a0<\/strong><\/p>\n<p>Alexandra Delgado, Ana Trindade, Andreia Borges, B\u00e1rbara Mexia Leit\u00e3o, Carlos Gouveia, Henrique Ribeiro,<br \/>\nJoana Faria, Joana Nunes, Raquel Claro, Rodrigo S\u00e1, S\u00edlvia Malheiro, Susana Mayer<\/p>\n<p><strong>ARTE E PAGINA\u00c7\u00c3O<\/strong><\/p>\n<p>Joana Carvalho, Nuno Santos<\/p>\n<p><strong>IMAGENS<\/strong><\/p>\n<p>freepik.com; stock.adobe.com; pixabay.com; unsplash.com; pexels.com<\/p>\n<p><strong>PERIODICIDADE<\/strong><\/p>\n<p>Quadrimestral<\/p>\n<p><strong>N\u00daMERO REGISTO ERC<\/strong><\/p>\n<p>127845<\/p>\n<p>&nbsp;<\/p>\n<p><a href=\"https:\/\/scoring.pt\/privacidade-e-cookies\/\">Pol\u00edtica de Privacidade<\/a><\/p>\n","protected":false},"excerpt":{"rendered":"<p>DIRETOR Carlos Gouveia DIRETORAS ADJUNTAS Joana Faria (Coordena\u00e7\u00e3o de reda\u00e7\u00e3o) Joana Carvalho (Coordena\u00e7\u00e3o de design) COORDENA\u00c7\u00c3O DE EDI\u00c7\u00c3O Joana Nunes REDA\u00c7\u00c3O E PARTICIPANTES CONVIDADOS\u00a0 Alexandra Delgado, Ana Trindade, Andreia Borges, B\u00e1rbara Mexia Leit\u00e3o, Carlos Gouveia, Henrique Ribeiro, Joana Faria, Joana Nunes, Raquel Claro, Rodrigo S\u00e1, S\u00edlvia Malheiro, Susana Mayer ARTE E PAGINA\u00c7\u00c3O Joana Carvalho, Nuno [&hellip;]<\/p>\n","protected":false},"author":1,"featured_media":0,"parent":0,"menu_order":0,"comment_status":"closed","ping_status":"closed","template":"","meta":{"_bbp_topic_count":0,"_bbp_reply_count":0,"_bbp_total_topic_count":0,"_bbp_total_reply_count":0,"_bbp_voice_count":0,"_bbp_anonymous_reply_count":0,"_bbp_topic_count_hidden":0,"_bbp_reply_count_hidden":0,"_bbp_forum_subforum_count":0,"footnotes":""},"class_list":["post-3","page","type-page","status-publish","hentry"],"yoast_head":"<!-- This site is optimized with the Yoast SEO plugin v20.13 - https:\/\/yoast.com\/wordpress\/plugins\/seo\/ -->\n<title>Ficha t\u00e9cnica - SCORING Magazine<\/title>\n<meta name=\"robots\" content=\"index, follow, max-snippet:-1, max-image-preview:large, max-video-preview:-1\" \/>\n<link rel=\"canonical\" href=\"https:\/\/scoring.pt\/magazine\/ficha-tecnica\/\" \/>\n<meta property=\"og:locale\" content=\"pt_PT\" \/>\n<meta property=\"og:type\" content=\"article\" \/>\n<meta property=\"og:title\" content=\"Ficha t\u00e9cnica - SCORING Magazine\" \/>\n<meta property=\"og:description\" content=\"DIRETOR Carlos Gouveia DIRETORAS ADJUNTAS Joana Faria (Coordena\u00e7\u00e3o de reda\u00e7\u00e3o) Joana Carvalho (Coordena\u00e7\u00e3o de design) COORDENA\u00c7\u00c3O DE EDI\u00c7\u00c3O Joana Nunes REDA\u00c7\u00c3O E PARTICIPANTES CONVIDADOS\u00a0 Alexandra Delgado, Ana Trindade, Andreia Borges, B\u00e1rbara Mexia Leit\u00e3o, Carlos Gouveia, Henrique Ribeiro, Joana Faria, Joana Nunes, Raquel Claro, Rodrigo S\u00e1, S\u00edlvia Malheiro, Susana Mayer ARTE E PAGINA\u00c7\u00c3O Joana Carvalho, Nuno [&hellip;]\" \/>\n<meta property=\"og:url\" content=\"https:\/\/scoring.pt\/magazine\/ficha-tecnica\/\" \/>\n<meta property=\"og:site_name\" content=\"SCORING Magazine\" \/>\n<meta property=\"article:modified_time\" content=\"2024-05-09T09:47:00+00:00\" \/>\n<meta name=\"twitter:card\" content=\"summary_large_image\" \/>\n<meta name=\"twitter:label1\" content=\"Tempo estimado de leitura\" \/>\n\t<meta name=\"twitter:data1\" content=\"1 minuto\" \/>\n<script type=\"application\/ld+json\" class=\"yoast-schema-graph\">{\"@context\":\"https:\/\/schema.org\",\"@graph\":[{\"@type\":\"WebPage\",\"@id\":\"https:\/\/scoring.pt\/magazine\/ficha-tecnica\/\",\"url\":\"https:\/\/scoring.pt\/magazine\/ficha-tecnica\/\",\"name\":\"Ficha t\u00e9cnica - SCORING Magazine\",\"isPartOf\":{\"@id\":\"https:\/\/scoring.pt\/magazine\/#website\"},\"datePublished\":\"2022-11-15T09:47:30+00:00\",\"dateModified\":\"2024-05-09T09:47:00+00:00\",\"breadcrumb\":{\"@id\":\"https:\/\/scoring.pt\/magazine\/ficha-tecnica\/#breadcrumb\"},\"inLanguage\":\"pt-PT\",\"potentialAction\":[{\"@type\":\"ReadAction\",\"target\":[\"https:\/\/scoring.pt\/magazine\/ficha-tecnica\/\"]}]},{\"@type\":\"BreadcrumbList\",\"@id\":\"https:\/\/scoring.pt\/magazine\/ficha-tecnica\/#breadcrumb\",\"itemListElement\":[{\"@type\":\"ListItem\",\"position\":1,\"name\":\"In\u00edcio\",\"item\":\"https:\/\/scoring.pt\/magazine\/\"},{\"@type\":\"ListItem\",\"position\":2,\"name\":\"Ficha t\u00e9cnica\"}]},{\"@type\":\"WebSite\",\"@id\":\"https:\/\/scoring.pt\/magazine\/#website\",\"url\":\"https:\/\/scoring.pt\/magazine\/\",\"name\":\"Scoring Magazine\",\"description\":\"A revista efetivamente sobre gest\u00e3o\",\"publisher\":{\"@id\":\"https:\/\/scoring.pt\/magazine\/#organization\"},\"potentialAction\":[{\"@type\":\"SearchAction\",\"target\":{\"@type\":\"EntryPoint\",\"urlTemplate\":\"https:\/\/scoring.pt\/magazine\/?s={search_term_string}\"},\"query-input\":\"required name=search_term_string\"}],\"inLanguage\":\"pt-PT\"},{\"@type\":\"Organization\",\"@id\":\"https:\/\/scoring.pt\/magazine\/#organization\",\"name\":\"Scoring Magazine\",\"url\":\"https:\/\/scoring.pt\/magazine\/\",\"logo\":{\"@type\":\"ImageObject\",\"inLanguage\":\"pt-PT\",\"@id\":\"https:\/\/scoring.pt\/magazine\/#\/schema\/logo\/image\/\",\"url\":\"http:\/\/scoring.pt\/magazine\/wp-content\/uploads\/2022\/11\/logo-site-heacer-RETINA.png\",\"contentUrl\":\"http:\/\/scoring.pt\/magazine\/wp-content\/uploads\/2022\/11\/logo-site-heacer-RETINA.png\",\"width\":361,\"height\":93,\"caption\":\"Scoring Magazine\"},\"image\":{\"@id\":\"https:\/\/scoring.pt\/magazine\/#\/schema\/logo\/image\/\"}}]}<\/script>\n<!-- \/ Yoast SEO plugin. -->","yoast_head_json":{"title":"Ficha t\u00e9cnica - SCORING Magazine","robots":{"index":"index","follow":"follow","max-snippet":"max-snippet:-1","max-image-preview":"max-image-preview:large","max-video-preview":"max-video-preview:-1"},"canonical":"https:\/\/scoring.pt\/magazine\/ficha-tecnica\/","og_locale":"pt_PT","og_type":"article","og_title":"Ficha t\u00e9cnica - SCORING Magazine","og_description":"DIRETOR Carlos Gouveia DIRETORAS ADJUNTAS Joana Faria (Coordena\u00e7\u00e3o de reda\u00e7\u00e3o) Joana Carvalho (Coordena\u00e7\u00e3o de design) COORDENA\u00c7\u00c3O DE EDI\u00c7\u00c3O Joana Nunes REDA\u00c7\u00c3O E PARTICIPANTES CONVIDADOS\u00a0 Alexandra Delgado, Ana Trindade, Andreia Borges, B\u00e1rbara Mexia Leit\u00e3o, Carlos Gouveia, Henrique Ribeiro, Joana Faria, Joana Nunes, Raquel Claro, Rodrigo S\u00e1, S\u00edlvia Malheiro, Susana Mayer ARTE E PAGINA\u00c7\u00c3O Joana Carvalho, Nuno [&hellip;]","og_url":"https:\/\/scoring.pt\/magazine\/ficha-tecnica\/","og_site_name":"SCORING Magazine","article_modified_time":"2024-05-09T09:47:00+00:00","twitter_card":"summary_large_image","twitter_misc":{"Tempo estimado de leitura":"1 minuto"},"schema":{"@context":"https:\/\/schema.org","@graph":[{"@type":"WebPage","@id":"https:\/\/scoring.pt\/magazine\/ficha-tecnica\/","url":"https:\/\/scoring.pt\/magazine\/ficha-tecnica\/","name":"Ficha t\u00e9cnica - SCORING Magazine","isPartOf":{"@id":"https:\/\/scoring.pt\/magazine\/#website"},"datePublished":"2022-11-15T09:47:30+00:00","dateModified":"2024-05-09T09:47:00+00:00","breadcrumb":{"@id":"https:\/\/scoring.pt\/magazine\/ficha-tecnica\/#breadcrumb"},"inLanguage":"pt-PT","potentialAction":[{"@type":"ReadAction","target":["https:\/\/scoring.pt\/magazine\/ficha-tecnica\/"]}]},{"@type":"BreadcrumbList","@id":"https:\/\/scoring.pt\/magazine\/ficha-tecnica\/#breadcrumb","itemListElement":[{"@type":"ListItem","position":1,"name":"In\u00edcio","item":"https:\/\/scoring.pt\/magazine\/"},{"@type":"ListItem","position":2,"name":"Ficha t\u00e9cnica"}]},{"@type":"WebSite","@id":"https:\/\/scoring.pt\/magazine\/#website","url":"https:\/\/scoring.pt\/magazine\/","name":"Scoring Magazine","description":"A revista efetivamente sobre gest\u00e3o","publisher":{"@id":"https:\/\/scoring.pt\/magazine\/#organization"},"potentialAction":[{"@type":"SearchAction","target":{"@type":"EntryPoint","urlTemplate":"https:\/\/scoring.pt\/magazine\/?s={search_term_string}"},"query-input":"required name=search_term_string"}],"inLanguage":"pt-PT"},{"@type":"Organization","@id":"https:\/\/scoring.pt\/magazine\/#organization","name":"Scoring Magazine","url":"https:\/\/scoring.pt\/magazine\/","logo":{"@type":"ImageObject","inLanguage":"pt-PT","@id":"https:\/\/scoring.pt\/magazine\/#\/schema\/logo\/image\/","url":"http:\/\/scoring.pt\/magazine\/wp-content\/uploads\/2022\/11\/logo-site-heacer-RETINA.png","contentUrl":"http:\/\/scoring.pt\/magazine\/wp-content\/uploads\/2022\/11\/logo-site-heacer-RETINA.png","width":361,"height":93,"caption":"Scoring Magazine"},"image":{"@id":"https:\/\/scoring.pt\/magazine\/#\/schema\/logo\/image\/"}}]}},"_links":{"self":[{"href":"https:\/\/scoring.pt\/magazine\/wp-json\/wp\/v2\/pages\/3","targetHints":{"allow":["GET"]}}],"collection":[{"href":"https:\/\/scoring.pt\/magazine\/wp-json\/wp\/v2\/pages"}],"about":[{"href":"https:\/\/scoring.pt\/magazine\/wp-json\/wp\/v2\/types\/page"}],"author":[{"embeddable":true,"href":"https:\/\/scoring.pt\/magazine\/wp-json\/wp\/v2\/users\/1"}],"replies":[{"embeddable":true,"href":"https:\/\/scoring.pt\/magazine\/wp-json\/wp\/v2\/comments?post=3"}],"version-history":[{"count":6,"href":"https:\/\/scoring.pt\/magazine\/wp-json\/wp\/v2\/pages\/3\/revisions"}],"predecessor-version":[{"id":971,"href":"https:\/\/scoring.pt\/magazine\/wp-json\/wp\/v2\/pages\/3\/revisions\/971"}],"wp:attachment":[{"href":"https:\/\/scoring.pt\/magazine\/wp-json\/wp\/v2\/media?parent=3"}],"curies":[{"name":"wp","href":"https:\/\/api.w.org\/{rel}","templated":true}]}}