{"id":376,"date":"2023-07-27T14:48:07","date_gmt":"2023-07-27T14:48:07","guid":{"rendered":"https:\/\/scoring.pt\/magazine\/?page_id=376"},"modified":"2025-01-08T09:58:55","modified_gmt":"2025-01-08T09:58:55","slug":"estatuto-editorial","status":"publish","type":"page","link":"https:\/\/scoring.pt\/magazine\/estatuto-editorial\/","title":{"rendered":"Estatuto Editorial"},"content":{"rendered":"<p>A SCORING MAGAZINE \u00e9 uma revista quadrimestral, de \u00e2mbito nacional, com foco na tem\u00e1tica<br \/>\nrelacionada com o mundo das PME, sendo dirigida a empres\u00e1rios, empreendedores, economistas, gestores e quadros de empresas;<\/p>\n<p>A SCORING MAGAZINE cobre um leque variado de temas como a gest\u00e3o, finan\u00e7as, economia,<br \/>\nneg\u00f3cios, carreira, empreendedorismo, inova\u00e7\u00e3o, atualidades, tend\u00eancias, tecnologia e lifestyle;<\/p>\n<p>A SCORING MAGAZINE veicula o seu conte\u00fado atrav\u00e9s da publica\u00e7\u00e3o de not\u00edcias, artigos, entrevistas, reportagens, opini\u00e3o e an\u00e1lise, contribuindo para a exist\u00eancia de uma opini\u00e3o p\u00fablica informada, ativa e interveniente;<\/p>\n<p>A SCORING MAGAZINE respeita o normativo da Constitui\u00e7\u00e3o da Rep\u00fablica segundo o qual o<br \/>\nexerc\u00edcio dos direitos de liberdade de express\u00e3o e informa\u00e7\u00e3o e a defesa do pluralismo de opini\u00e3o n\u00e3o pode ser impedido ou limitado por qualquer tipo ou forma de censura;<\/p>\n<p>A SCORING MAGAZINE utiliza fontes noticiosas verificadas e identificadas e \u00e9 independente<br \/>\nface grupos de press\u00e3o, poderes pol\u00edticos ou econ\u00f3micos. Salvaguarda o espa\u00e7o privado dos<br \/>\ncidad\u00e3os e a defesa do pluralismo de opini\u00e3o;<\/p>\n<p>A SCORING MAGAZINE assume a responsabilidade de emitir opini\u00e3o pr\u00f3pria, atrav\u00e9s de editoriais assinados pela Dire\u00e7\u00e3o, sempre de acordo com a sua linha editorial e com identifica\u00e7\u00e3o<br \/>\ndos valores da democracia;<\/p>\n<p>A SCORING MAGAZINE segue a orienta\u00e7\u00e3o definida, nos termos da Lei de Imprensa, pelo seu<br \/>\ndiretor e por este Estatuto Editorial, cumprindo as normas \u00e9ticas e deontol\u00f3gicas do jornalismo;<br \/>\nA SCORING MAGAZINE amplifica os conte\u00fados da sua publica\u00e7\u00e3o no website e redes sociais da<br \/>\nSCORING, empresa propriet\u00e1ria da publica\u00e7\u00e3o.<\/p>\n","protected":false},"excerpt":{"rendered":"<p>A SCORING MAGAZINE \u00e9 uma revista quadrimestral, de \u00e2mbito nacional, com foco na tem\u00e1tica relacionada com o mundo das PME, sendo dirigida a empres\u00e1rios, empreendedores, economistas, gestores e quadros de empresas; A SCORING MAGAZINE cobre um leque variado de temas como a gest\u00e3o, finan\u00e7as, economia, neg\u00f3cios, carreira, empreendedorismo, inova\u00e7\u00e3o, atualidades, tend\u00eancias, tecnologia e lifestyle; A [&hellip;]<\/p>\n","protected":false},"author":1,"featured_media":0,"parent":0,"menu_order":0,"comment_status":"closed","ping_status":"closed","template":"","meta":{"_bbp_topic_count":0,"_bbp_reply_count":0,"_bbp_total_topic_count":0,"_bbp_total_reply_count":0,"_bbp_voice_count":0,"_bbp_anonymous_reply_count":0,"_bbp_topic_count_hidden":0,"_bbp_reply_count_hidden":0,"_bbp_forum_subforum_count":0,"footnotes":""},"class_list":["post-376","page","type-page","status-publish","hentry"],"yoast_head":"<!-- This site is optimized with the Yoast SEO plugin v20.13 - https:\/\/yoast.com\/wordpress\/plugins\/seo\/ -->\n<title>Estatuto Editorial - SCORING Magazine<\/title>\n<meta name=\"robots\" content=\"index, follow, max-snippet:-1, max-image-preview:large, max-video-preview:-1\" \/>\n<link rel=\"canonical\" href=\"https:\/\/scoring.pt\/magazine\/estatuto-editorial\/\" \/>\n<meta property=\"og:locale\" content=\"pt_PT\" \/>\n<meta property=\"og:type\" content=\"article\" \/>\n<meta property=\"og:title\" content=\"Estatuto Editorial - SCORING Magazine\" \/>\n<meta property=\"og:description\" content=\"A SCORING MAGAZINE \u00e9 uma revista quadrimestral, de \u00e2mbito nacional, com foco na tem\u00e1tica relacionada com o mundo das PME, sendo dirigida a empres\u00e1rios, empreendedores, economistas, gestores e quadros de empresas; A SCORING MAGAZINE cobre um leque variado de temas como a gest\u00e3o, finan\u00e7as, economia, neg\u00f3cios, carreira, empreendedorismo, inova\u00e7\u00e3o, atualidades, tend\u00eancias, tecnologia e lifestyle; A [&hellip;]\" \/>\n<meta property=\"og:url\" content=\"https:\/\/scoring.pt\/magazine\/estatuto-editorial\/\" \/>\n<meta property=\"og:site_name\" content=\"SCORING Magazine\" \/>\n<meta property=\"article:modified_time\" content=\"2025-01-08T09:58:55+00:00\" \/>\n<meta name=\"twitter:card\" content=\"summary_large_image\" \/>\n<meta name=\"twitter:label1\" content=\"Tempo estimado de leitura\" \/>\n\t<meta name=\"twitter:data1\" content=\"2 minutos\" \/>\n<script type=\"application\/ld+json\" class=\"yoast-schema-graph\">{\"@context\":\"https:\/\/schema.org\",\"@graph\":[{\"@type\":\"WebPage\",\"@id\":\"https:\/\/scoring.pt\/magazine\/estatuto-editorial\/\",\"url\":\"https:\/\/scoring.pt\/magazine\/estatuto-editorial\/\",\"name\":\"Estatuto Editorial - SCORING Magazine\",\"isPartOf\":{\"@id\":\"https:\/\/scoring.pt\/magazine\/#website\"},\"datePublished\":\"2023-07-27T14:48:07+00:00\",\"dateModified\":\"2025-01-08T09:58:55+00:00\",\"breadcrumb\":{\"@id\":\"https:\/\/scoring.pt\/magazine\/estatuto-editorial\/#breadcrumb\"},\"inLanguage\":\"pt-PT\",\"potentialAction\":[{\"@type\":\"ReadAction\",\"target\":[\"https:\/\/scoring.pt\/magazine\/estatuto-editorial\/\"]}]},{\"@type\":\"BreadcrumbList\",\"@id\":\"https:\/\/scoring.pt\/magazine\/estatuto-editorial\/#breadcrumb\",\"itemListElement\":[{\"@type\":\"ListItem\",\"position\":1,\"name\":\"In\u00edcio\",\"item\":\"https:\/\/scoring.pt\/magazine\/\"},{\"@type\":\"ListItem\",\"position\":2,\"name\":\"Estatuto Editorial\"}]},{\"@type\":\"WebSite\",\"@id\":\"https:\/\/scoring.pt\/magazine\/#website\",\"url\":\"https:\/\/scoring.pt\/magazine\/\",\"name\":\"Scoring Magazine\",\"description\":\"A revista efetivamente sobre gest\u00e3o\",\"publisher\":{\"@id\":\"https:\/\/scoring.pt\/magazine\/#organization\"},\"potentialAction\":[{\"@type\":\"SearchAction\",\"target\":{\"@type\":\"EntryPoint\",\"urlTemplate\":\"https:\/\/scoring.pt\/magazine\/?s={search_term_string}\"},\"query-input\":\"required name=search_term_string\"}],\"inLanguage\":\"pt-PT\"},{\"@type\":\"Organization\",\"@id\":\"https:\/\/scoring.pt\/magazine\/#organization\",\"name\":\"Scoring Magazine\",\"url\":\"https:\/\/scoring.pt\/magazine\/\",\"logo\":{\"@type\":\"ImageObject\",\"inLanguage\":\"pt-PT\",\"@id\":\"https:\/\/scoring.pt\/magazine\/#\/schema\/logo\/image\/\",\"url\":\"http:\/\/scoring.pt\/magazine\/wp-content\/uploads\/2022\/11\/logo-site-heacer-RETINA.png\",\"contentUrl\":\"http:\/\/scoring.pt\/magazine\/wp-content\/uploads\/2022\/11\/logo-site-heacer-RETINA.png\",\"width\":361,\"height\":93,\"caption\":\"Scoring Magazine\"},\"image\":{\"@id\":\"https:\/\/scoring.pt\/magazine\/#\/schema\/logo\/image\/\"}}]}<\/script>\n<!-- \/ Yoast SEO plugin. -->","yoast_head_json":{"title":"Estatuto Editorial - SCORING Magazine","robots":{"index":"index","follow":"follow","max-snippet":"max-snippet:-1","max-image-preview":"max-image-preview:large","max-video-preview":"max-video-preview:-1"},"canonical":"https:\/\/scoring.pt\/magazine\/estatuto-editorial\/","og_locale":"pt_PT","og_type":"article","og_title":"Estatuto Editorial - SCORING Magazine","og_description":"A SCORING MAGAZINE \u00e9 uma revista quadrimestral, de \u00e2mbito nacional, com foco na tem\u00e1tica relacionada com o mundo das PME, sendo dirigida a empres\u00e1rios, empreendedores, economistas, gestores e quadros de empresas; A SCORING MAGAZINE cobre um leque variado de temas como a gest\u00e3o, finan\u00e7as, economia, neg\u00f3cios, carreira, empreendedorismo, inova\u00e7\u00e3o, atualidades, tend\u00eancias, tecnologia e lifestyle; A [&hellip;]","og_url":"https:\/\/scoring.pt\/magazine\/estatuto-editorial\/","og_site_name":"SCORING Magazine","article_modified_time":"2025-01-08T09:58:55+00:00","twitter_card":"summary_large_image","twitter_misc":{"Tempo estimado de leitura":"2 minutos"},"schema":{"@context":"https:\/\/schema.org","@graph":[{"@type":"WebPage","@id":"https:\/\/scoring.pt\/magazine\/estatuto-editorial\/","url":"https:\/\/scoring.pt\/magazine\/estatuto-editorial\/","name":"Estatuto Editorial - SCORING Magazine","isPartOf":{"@id":"https:\/\/scoring.pt\/magazine\/#website"},"datePublished":"2023-07-27T14:48:07+00:00","dateModified":"2025-01-08T09:58:55+00:00","breadcrumb":{"@id":"https:\/\/scoring.pt\/magazine\/estatuto-editorial\/#breadcrumb"},"inLanguage":"pt-PT","potentialAction":[{"@type":"ReadAction","target":["https:\/\/scoring.pt\/magazine\/estatuto-editorial\/"]}]},{"@type":"BreadcrumbList","@id":"https:\/\/scoring.pt\/magazine\/estatuto-editorial\/#breadcrumb","itemListElement":[{"@type":"ListItem","position":1,"name":"In\u00edcio","item":"https:\/\/scoring.pt\/magazine\/"},{"@type":"ListItem","position":2,"name":"Estatuto Editorial"}]},{"@type":"WebSite","@id":"https:\/\/scoring.pt\/magazine\/#website","url":"https:\/\/scoring.pt\/magazine\/","name":"Scoring Magazine","description":"A revista efetivamente sobre gest\u00e3o","publisher":{"@id":"https:\/\/scoring.pt\/magazine\/#organization"},"potentialAction":[{"@type":"SearchAction","target":{"@type":"EntryPoint","urlTemplate":"https:\/\/scoring.pt\/magazine\/?s={search_term_string}"},"query-input":"required name=search_term_string"}],"inLanguage":"pt-PT"},{"@type":"Organization","@id":"https:\/\/scoring.pt\/magazine\/#organization","name":"Scoring Magazine","url":"https:\/\/scoring.pt\/magazine\/","logo":{"@type":"ImageObject","inLanguage":"pt-PT","@id":"https:\/\/scoring.pt\/magazine\/#\/schema\/logo\/image\/","url":"http:\/\/scoring.pt\/magazine\/wp-content\/uploads\/2022\/11\/logo-site-heacer-RETINA.png","contentUrl":"http:\/\/scoring.pt\/magazine\/wp-content\/uploads\/2022\/11\/logo-site-heacer-RETINA.png","width":361,"height":93,"caption":"Scoring Magazine"},"image":{"@id":"https:\/\/scoring.pt\/magazine\/#\/schema\/logo\/image\/"}}]}},"_links":{"self":[{"href":"https:\/\/scoring.pt\/magazine\/wp-json\/wp\/v2\/pages\/376","targetHints":{"allow":["GET"]}}],"collection":[{"href":"https:\/\/scoring.pt\/magazine\/wp-json\/wp\/v2\/pages"}],"about":[{"href":"https:\/\/scoring.pt\/magazine\/wp-json\/wp\/v2\/types\/page"}],"author":[{"embeddable":true,"href":"https:\/\/scoring.pt\/magazine\/wp-json\/wp\/v2\/users\/1"}],"replies":[{"embeddable":true,"href":"https:\/\/scoring.pt\/magazine\/wp-json\/wp\/v2\/comments?post=376"}],"version-history":[{"count":2,"href":"https:\/\/scoring.pt\/magazine\/wp-json\/wp\/v2\/pages\/376\/revisions"}],"predecessor-version":[{"id":1578,"href":"https:\/\/scoring.pt\/magazine\/wp-json\/wp\/v2\/pages\/376\/revisions\/1578"}],"wp:attachment":[{"href":"https:\/\/scoring.pt\/magazine\/wp-json\/wp\/v2\/media?parent=376"}],"curies":[{"name":"wp","href":"https:\/\/api.w.org\/{rel}","templated":true}]}}